
{"id":1399,"date":"2022-09-01T15:48:47","date_gmt":"2022-09-01T15:48:47","guid":{"rendered":"https:\/\/lauradogs.com\/?page_id=1399"},"modified":"2025-10-19T14:31:12","modified_gmt":"2025-10-19T14:31:12","slug":"a-propos-salon-de-toilettage-laura-dogs-a-ezanville","status":"publish","type":"page","link":"https:\/\/lauradogs.com\/?page_id=1399","title":{"rendered":"About"},"content":{"rendered":"\t\t<div data-elementor-type=\"wp-page\" data-elementor-id=\"1399\" class=\"elementor elementor-1399\">\n\t\t\t\t\t\t\t\t\t<section class=\"elementor-section elementor-top-section elementor-element elementor-element-76f80e7a elementor-section-boxed elementor-section-height-default elementor-section-height-default\" data-id=\"76f80e7a\" data-element_type=\"section\" data-settings=\"{&quot;background_background&quot;:&quot;classic&quot;}\">\n\t\t\t\t\t\t<div class=\"elementor-container elementor-column-gap-no\">\n\t\t\t\t\t<div class=\"elementor-column elementor-col-100 elementor-top-column elementor-element elementor-element-65e32587\" data-id=\"65e32587\" data-element_type=\"column\">\n\t\t\t<div class=\"elementor-widget-wrap elementor-element-populated\">\n\t\t\t\t\t\t\t\t<div class=\"elementor-element elementor-element-488bdd9e elementor-widget elementor-widget-heading\" data-id=\"488bdd9e\" data-element_type=\"widget\" data-widget_type=\"heading.default\">\n\t\t\t\t<div class=\"elementor-widget-container\">\n\t\t\t<style>\/*! elementor - v3.7.4 - 31-08-2022 *\/\n.elementor-heading-title{padding:0;margin:0;line-height:1}.elementor-widget-heading .elementor-heading-title[class*=elementor-size-]>a{color:inherit;font-size:inherit;line-height:inherit}.elementor-widget-heading .elementor-heading-title.elementor-size-small{font-size:15px}.elementor-widget-heading .elementor-heading-title.elementor-size-medium{font-size:19px}.elementor-widget-heading .elementor-heading-title.elementor-size-large{font-size:29px}.elementor-widget-heading .elementor-heading-title.elementor-size-xl{font-size:39px}.elementor-widget-heading .elementor-heading-title.elementor-size-xxl{font-size:59px}<\/style><h2 class=\"elementor-heading-title elementor-size-default\">A Propos<\/h2>\t\t<\/div>\n\t\t\t\t<\/div>\n\t\t\t\t\t<\/div>\n\t\t<\/div>\n\t\t\t\t\t\t\t<\/div>\n\t\t<\/section>\n\t\t\t\t<section class=\"elementor-section elementor-top-section elementor-element elementor-element-6e3654bc elementor-section-content-middle elementor-section-boxed elementor-section-height-default elementor-section-height-default\" data-id=\"6e3654bc\" data-element_type=\"section\">\n\t\t\t\t\t\t<div class=\"elementor-container elementor-column-gap-no\">\n\t\t\t\t\t<div class=\"elementor-column elementor-col-50 elementor-top-column elementor-element elementor-element-3d9daff9\" data-id=\"3d9daff9\" data-element_type=\"column\" data-settings=\"{&quot;background_background&quot;:&quot;classic&quot;}\">\n\t\t\t<div class=\"elementor-widget-wrap elementor-element-populated\">\n\t\t\t\t\t\t\t\t<div class=\"elementor-element elementor-element-297baf7a elementor-widget elementor-widget-image\" data-id=\"297baf7a\" data-element_type=\"widget\" data-widget_type=\"image.default\">\n\t\t\t\t<div class=\"elementor-widget-container\">\n\t\t\t<style>\/*! elementor - v3.7.4 - 31-08-2022 *\/\n.elementor-widget-image{text-align:center}.elementor-widget-image a{display:inline-block}.elementor-widget-image a img[src$=\".svg\"]{width:48px}.elementor-widget-image img{vertical-align:middle;display:inline-block}<\/style>\t\t\t\t\t\t\t\t\t\t\t\t<img loading=\"lazy\" decoding=\"async\" width=\"768\" height=\"1024\" src=\"https:\/\/lauradogs.com\/wp-content\/uploads\/2022\/12\/pexels-martin-dufosset-3930940-768x1024.jpg\" class=\"attachment-large size-large\" alt=\"\" srcset=\"https:\/\/lauradogs.com\/wp-content\/uploads\/2022\/12\/pexels-martin-dufosset-3930940-768x1024.jpg 768w, https:\/\/lauradogs.com\/wp-content\/uploads\/2022\/12\/pexels-martin-dufosset-3930940-225x300.jpg 225w, https:\/\/lauradogs.com\/wp-content\/uploads\/2022\/12\/pexels-martin-dufosset-3930940-1152x1536.jpg 1152w, https:\/\/lauradogs.com\/wp-content\/uploads\/2022\/12\/pexels-martin-dufosset-3930940-1536x2048.jpg 1536w, https:\/\/lauradogs.com\/wp-content\/uploads\/2022\/12\/pexels-martin-dufosset-3930940-scaled.jpg 1920w\" sizes=\"auto, (max-width: 768px) 100vw, 768px\" \/>\t\t\t\t\t\t\t\t\t\t\t\t\t\t\t<\/div>\n\t\t\t\t<\/div>\n\t\t\t\t\t<\/div>\n\t\t<\/div>\n\t\t\t\t<div class=\"elementor-column elementor-col-50 elementor-top-column elementor-element elementor-element-4f38f66d\" data-id=\"4f38f66d\" data-element_type=\"column\">\n\t\t\t<div class=\"elementor-widget-wrap elementor-element-populated\">\n\t\t\t\t\t\t\t\t<div class=\"elementor-element elementor-element-8c4e9dd elementor-widget elementor-widget-heading\" data-id=\"8c4e9dd\" data-element_type=\"widget\" data-widget_type=\"heading.default\">\n\t\t\t\t<div class=\"elementor-widget-container\">\n\t\t\t<h1 class=\"elementor-heading-title elementor-size-default\">\u00c0 propos de Laura Dogs<\/h1>\t\t<\/div>\n\t\t\t\t<\/div>\n\t\t\t\t<div class=\"elementor-element elementor-element-52943f3c elementor-invisible elementor-widget elementor-widget-text-editor\" data-id=\"52943f3c\" data-element_type=\"widget\" data-settings=\"{&quot;_animation&quot;:&quot;fadeInRight&quot;,&quot;_animation_delay&quot;:100}\" data-widget_type=\"text-editor.default\">\n\t\t\t\t<div class=\"elementor-widget-container\">\n\t\t\t<style>\/*! elementor - v3.7.4 - 31-08-2022 *\/\n.elementor-widget-text-editor.elementor-drop-cap-view-stacked .elementor-drop-cap{background-color:#818a91;color:#fff}.elementor-widget-text-editor.elementor-drop-cap-view-framed .elementor-drop-cap{color:#818a91;border:3px solid;background-color:transparent}.elementor-widget-text-editor:not(.elementor-drop-cap-view-default) .elementor-drop-cap{margin-top:8px}.elementor-widget-text-editor:not(.elementor-drop-cap-view-default) .elementor-drop-cap-letter{width:1em;height:1em}.elementor-widget-text-editor .elementor-drop-cap{float:left;text-align:center;line-height:1;font-size:50px}.elementor-widget-text-editor .elementor-drop-cap-letter{display:inline-block}<\/style>\t\t\t\t<p>Nous sommes un salon de toilette pour animaux de compagnie passionn\u00e9 par la sant\u00e9 et le bien-\u00eatre de vos animaux. Notre \u00e9quipe de professionnels qualifi\u00e9s travaille dur pour fournir \u00e0 chaque animal des soins de qualit\u00e9 sup\u00e9rieure et une exp\u00e9rience de toilettage agr\u00e9able.<\/p>\t\t\t\t\t\t<\/div>\n\t\t\t\t<\/div>\n\t\t\t\t\t<\/div>\n\t\t<\/div>\n\t\t\t\t\t\t\t<\/div>\n\t\t<\/section>\n\t\t\t\t<section class=\"elementor-section elementor-top-section elementor-element elementor-element-24bff1ac elementor-section-content-bottom elementor-section-boxed elementor-section-height-default elementor-section-height-default\" data-id=\"24bff1ac\" data-element_type=\"section\" data-settings=\"{&quot;background_background&quot;:&quot;classic&quot;}\">\n\t\t\t\t\t\t<div class=\"elementor-container elementor-column-gap-no\">\n\t\t\t\t\t<div class=\"elementor-column elementor-col-50 elementor-top-column elementor-element elementor-element-10731681 elementor-invisible\" data-id=\"10731681\" data-element_type=\"column\" data-settings=\"{&quot;animation&quot;:&quot;fadeInLeft&quot;}\">\n\t\t\t<div class=\"elementor-widget-wrap elementor-element-populated\">\n\t\t\t\t\t\t\t\t<div class=\"elementor-element elementor-element-4e41cc20 elementor-widget elementor-widget-text-editor\" data-id=\"4e41cc20\" data-element_type=\"widget\" data-widget_type=\"text-editor.default\">\n\t\t\t\t<div class=\"elementor-widget-container\">\n\t\t\t\t\t\t\t<p><span>Nous sommes fiers d&rsquo;offrir une gamme compl\u00e8te de services de toilettage pour chiens et chats, y compris la tonte, le bain, l&rsquo;\u00e9pilation, le brossage, les forfaits complets, et m\u00eame des massages pour les animaux qui ont besoin d&rsquo;un peu plus de d\u00e9tente. Notre objectif est de fournir \u00e0 votre animal de compagnie une apparence \u00e9l\u00e9gante et une sensation de bien-\u00eatre.<\/span><\/p><p><span>Nous sommes passionn\u00e9s par les animaux et nous croyons que chaque animal m\u00e9rite d&rsquo;\u00eatre trait\u00e9 avec le plus grand soin et respect. C&rsquo;est pourquoi nous travaillons avec chaque animal individuellement pour r\u00e9pondre \u00e0 ses besoins en mati\u00e8re de toilette, en utilisant des produits de haute qualit\u00e9 et en offrant un environnement de toilette confortable et apaisant.<\/span><\/p>\t\t\t\t\t\t<\/div>\n\t\t\t\t<\/div>\n\t\t\t\t<div class=\"elementor-element elementor-element-53fb040b elementor-tablet-align-center elementor-widget elementor-widget-button\" data-id=\"53fb040b\" data-element_type=\"widget\" data-widget_type=\"button.default\">\n\t\t\t\t<div class=\"elementor-widget-container\">\n\t\t\t\t\t<div class=\"elementor-button-wrapper\">\n\t\t\t<a href=\"https:\/\/lauradogs.com\/?page_id=1372\" class=\"elementor-button-link elementor-button elementor-size-sm\" role=\"button\">\n\t\t\t\t\t\t<span class=\"elementor-button-content-wrapper\">\n\t\t\t\t\t\t<span class=\"elementor-button-text\">Prendre un rendez-vous<\/span>\n\t\t<\/span>\n\t\t\t\t\t<\/a>\n\t\t<\/div>\n\t\t\t\t<\/div>\n\t\t\t\t<\/div>\n\t\t\t\t\t<\/div>\n\t\t<\/div>\n\t\t\t\t<div class=\"elementor-column elementor-col-50 elementor-top-column elementor-element elementor-element-7052e56c\" data-id=\"7052e56c\" data-element_type=\"column\">\n\t\t\t<div class=\"elementor-widget-wrap elementor-element-populated\">\n\t\t\t\t\t\t\t\t<div class=\"elementor-element elementor-element-3028b121 elementor-widget elementor-widget-image\" data-id=\"3028b121\" data-element_type=\"widget\" data-widget_type=\"image.default\">\n\t\t\t\t<div class=\"elementor-widget-container\">\n\t\t\t\t\t\t\t\t\t\t\t\t\t\t\t<img loading=\"lazy\" decoding=\"async\" width=\"683\" height=\"1024\" src=\"https:\/\/lauradogs.com\/wp-content\/uploads\/2023\/03\/pexels-tima-miroshnichenko-6131569-2-1-683x1024.jpg\" class=\"attachment-large size-large\" alt=\"\" srcset=\"https:\/\/lauradogs.com\/wp-content\/uploads\/2023\/03\/pexels-tima-miroshnichenko-6131569-2-1-683x1024.jpg 683w, https:\/\/lauradogs.com\/wp-content\/uploads\/2023\/03\/pexels-tima-miroshnichenko-6131569-2-1-200x300.jpg 200w, https:\/\/lauradogs.com\/wp-content\/uploads\/2023\/03\/pexels-tima-miroshnichenko-6131569-2-1-768x1152.jpg 768w, https:\/\/lauradogs.com\/wp-content\/uploads\/2023\/03\/pexels-tima-miroshnichenko-6131569-2-1-1024x1536.jpg 1024w, https:\/\/lauradogs.com\/wp-content\/uploads\/2023\/03\/pexels-tima-miroshnichenko-6131569-2-1.jpg 1280w\" sizes=\"auto, (max-width: 683px) 100vw, 683px\" \/>\t\t\t\t\t\t\t\t\t\t\t\t\t\t\t<\/div>\n\t\t\t\t<\/div>\n\t\t\t\t\t<\/div>\n\t\t<\/div>\n\t\t\t\t\t\t\t<\/div>\n\t\t<\/section>\n\t\t\t\t<section class=\"elementor-section elementor-top-section elementor-element elementor-element-5ba10772 elementor-section-content-middle elementor-section-boxed elementor-section-height-default elementor-section-height-default\" data-id=\"5ba10772\" data-element_type=\"section\">\n\t\t\t\t\t\t<div class=\"elementor-container elementor-column-gap-no\">\n\t\t\t\t\t<div class=\"elementor-column elementor-col-50 elementor-top-column elementor-element elementor-element-6db56588\" data-id=\"6db56588\" data-element_type=\"column\" data-settings=\"{&quot;background_background&quot;:&quot;classic&quot;}\">\n\t\t\t<div class=\"elementor-widget-wrap elementor-element-populated\">\n\t\t\t\t\t\t\t\t<div class=\"elementor-element elementor-element-fa52150 elementor-widget elementor-widget-image\" data-id=\"fa52150\" data-element_type=\"widget\" data-widget_type=\"image.default\">\n\t\t\t\t<div class=\"elementor-widget-container\">\n\t\t\t\t\t\t\t\t\t\t\t\t\t\t\t<img loading=\"lazy\" decoding=\"async\" width=\"1024\" height=\"1536\" src=\"https:\/\/lauradogs.com\/wp-content\/uploads\/2023\/01\/IMAGE-SITE-WEB-scaled-1-1024x1536.jpg\" class=\"attachment-1536x1536 size-1536x1536\" alt=\"\" srcset=\"https:\/\/lauradogs.com\/wp-content\/uploads\/2023\/01\/IMAGE-SITE-WEB-scaled-1-1024x1536.jpg 1024w, https:\/\/lauradogs.com\/wp-content\/uploads\/2023\/01\/IMAGE-SITE-WEB-scaled-1-200x300.jpg 200w, https:\/\/lauradogs.com\/wp-content\/uploads\/2023\/01\/IMAGE-SITE-WEB-scaled-1-683x1024.jpg 683w, https:\/\/lauradogs.com\/wp-content\/uploads\/2023\/01\/IMAGE-SITE-WEB-scaled-1-768x1152.jpg 768w, https:\/\/lauradogs.com\/wp-content\/uploads\/2023\/01\/IMAGE-SITE-WEB-scaled-1-1366x2048.jpg 1366w, https:\/\/lauradogs.com\/wp-content\/uploads\/2023\/01\/IMAGE-SITE-WEB-scaled-1.jpg 1707w\" sizes=\"auto, (max-width: 1024px) 100vw, 1024px\" \/>\t\t\t\t\t\t\t\t\t\t\t\t\t\t\t<\/div>\n\t\t\t\t<\/div>\n\t\t\t\t\t<\/div>\n\t\t<\/div>\n\t\t\t\t<div class=\"elementor-column elementor-col-50 elementor-top-column elementor-element elementor-element-6ff65a83\" data-id=\"6ff65a83\" data-element_type=\"column\">\n\t\t\t<div class=\"elementor-widget-wrap elementor-element-populated\">\n\t\t\t\t\t\t\t\t<div class=\"elementor-element elementor-element-7590bd56 elementor-invisible elementor-widget elementor-widget-text-editor\" data-id=\"7590bd56\" data-element_type=\"widget\" data-settings=\"{&quot;_animation&quot;:&quot;fadeInRight&quot;,&quot;_animation_delay&quot;:100}\" data-widget_type=\"text-editor.default\">\n\t\t\t\t<div class=\"elementor-widget-container\">\n\t\t\t\t\t\t\t<p><span>Nous sommes \u00e9galement fiers de travailler avec des propri\u00e9taires d&rsquo;animaux de compagnie engag\u00e9s et attentifs qui partagent notre passion pour le bien-\u00eatre des animaux. Nous travaillons en \u00e9troite collaboration avec nos clients pour nous assurer que leurs animaux de compagnie re\u00e7oivent les soins et l&rsquo;attention dont ils ont besoin.<\/span><\/p><p><span>Chez notre salon de toilettage, nous croyons que la relation entre les propri\u00e9taires d&rsquo;animaux et leurs compagnons est sp\u00e9ciale et unique, et nous sommes honor\u00e9s d&rsquo;\u00eatre une partie de cette relation. Nous sommes d\u00e9termin\u00e9s \u00e0 fournir \u00e0 chaque animal de compagnie des soins de toilette exceptionnels et une exp\u00e9rience positive, pour que chaque animal puisse vivre sa meilleure vie.<\/span><\/p>\t\t\t\t\t\t<\/div>\n\t\t\t\t<\/div>\n\t\t\t\t\t<\/div>\n\t\t<\/div>\n\t\t\t\t\t\t\t<\/div>\n\t\t<\/section>\n\t\t\t\t\t\t\t<\/div>\n\t\t","protected":false},"excerpt":{"rendered":"<p>A Propos \u00c0 propos de Laura Dogs Nous sommes un salon de toilette pour animaux de compagnie passionn\u00e9 par la sant\u00e9 et le bien-\u00eatre de vos animaux. Notre \u00e9quipe de professionnels qualifi\u00e9s travaille dur pour fournir \u00e0 chaque animal des soins de qualit\u00e9 sup\u00e9rieure et une exp\u00e9rience de toilettage agr\u00e9able. Nous sommes fiers d&rsquo;offrir une &hellip;<\/p>\n<p class=\"read-more\"> <a class=\"\" href=\"https:\/\/lauradogs.com\/?page_id=1399\"> <span class=\"screen-reader-text\">About<\/span> Lire la suite\u00a0\u00bb<\/a><\/p>\n","protected":false},"author":1,"featured_media":0,"parent":0,"menu_order":0,"comment_status":"closed","ping_status":"closed","template":"elementor_header_footer","meta":{"om_disable_all_campaigns":false,"_uag_custom_page_level_css":"","_monsterinsights_skip_tracking":false,"_monsterinsights_sitenote_active":false,"_monsterinsights_sitenote_note":"","_monsterinsights_sitenote_category":0,"site-sidebar-layout":"no-sidebar","site-content-layout":"page-builder","ast-global-header-display":"","ast-main-header-display":"","ast-hfb-above-header-display":"","ast-hfb-below-header-display":"","ast-hfb-mobile-header-display":"","site-post-title":"disabled","ast-breadcrumbs-content":"","ast-featured-img":"disabled","footer-sml-layout":"","theme-transparent-header-meta":"","adv-header-id-meta":"","stick-header-meta":"","header-above-stick-meta":"","header-main-stick-meta":"","header-below-stick-meta":"","footnotes":""},"class_list":["post-1399","page","type-page","status-publish","hentry"],"yoast_head":"<!-- This site is optimized with the Yoast SEO plugin v20.5 - https:\/\/yoast.com\/wordpress\/plugins\/seo\/ -->\n<title>About - Lauradogs<\/title>\n<meta name=\"description\" content=\"D\u00e9couvrez Laura Dogs, salon de toilettage professionnel \u00e0 \u00c9zanville. Passion, exp\u00e9rience et douceur pour vos chiens et chats.\" \/>\n<meta name=\"robots\" content=\"index, follow, max-snippet:-1, max-image-preview:large, max-video-preview:-1\" \/>\n<link rel=\"canonical\" href=\"https:\/\/lauradogs.com\/?page_id=1399\" \/>\n<meta property=\"og:locale\" content=\"fr_FR\" \/>\n<meta property=\"og:type\" content=\"article\" \/>\n<meta property=\"og:title\" content=\"About - Lauradogs\" \/>\n<meta property=\"og:description\" content=\"D\u00e9couvrez Laura Dogs, salon de toilettage professionnel \u00e0 \u00c9zanville. Passion, exp\u00e9rience et douceur pour vos chiens et chats.\" \/>\n<meta property=\"og:url\" content=\"https:\/\/lauradogs.com\/?page_id=1399\" \/>\n<meta property=\"og:site_name\" content=\"Lauradogs\" \/>\n<meta property=\"article:modified_time\" content=\"2025-10-19T14:31:12+00:00\" \/>\n<meta property=\"og:image\" content=\"http:\/\/lauradogs.com\/wp-content\/uploads\/2022\/12\/pexels-martin-dufosset-3930940-768x1024.jpg\" \/>\n<meta name=\"twitter:card\" content=\"summary_large_image\" \/>\n<meta name=\"twitter:label1\" content=\"Dur\u00e9e de lecture estim\u00e9e\" \/>\n\t<meta name=\"twitter:data1\" content=\"3 minutes\" \/>\n<script type=\"application\/ld+json\" class=\"yoast-schema-graph\">{\"@context\":\"https:\/\/schema.org\",\"@graph\":[{\"@type\":\"WebPage\",\"@id\":\"https:\/\/lauradogs.com\/?page_id=1399\",\"url\":\"https:\/\/lauradogs.com\/?page_id=1399\",\"name\":\"About - Lauradogs\",\"isPartOf\":{\"@id\":\"https:\/\/lauradogs.com\/#website\"},\"datePublished\":\"2022-09-01T15:48:47+00:00\",\"dateModified\":\"2025-10-19T14:31:12+00:00\",\"description\":\"D\u00e9couvrez Laura Dogs, salon de toilettage professionnel \u00e0 \u00c9zanville. Passion, exp\u00e9rience et douceur pour vos chiens et chats.\",\"breadcrumb\":{\"@id\":\"https:\/\/lauradogs.com\/?page_id=1399#breadcrumb\"},\"inLanguage\":\"fr-FR\",\"potentialAction\":[{\"@type\":\"ReadAction\",\"target\":[\"https:\/\/lauradogs.com\/?page_id=1399\"]}]},{\"@type\":\"BreadcrumbList\",\"@id\":\"https:\/\/lauradogs.com\/?page_id=1399#breadcrumb\",\"itemListElement\":[{\"@type\":\"ListItem\",\"position\":1,\"name\":\"Accueil\",\"item\":\"https:\/\/lauradogs.com\/\"},{\"@type\":\"ListItem\",\"position\":2,\"name\":\"About\"}]},{\"@type\":\"WebSite\",\"@id\":\"https:\/\/lauradogs.com\/#website\",\"url\":\"https:\/\/lauradogs.com\/\",\"name\":\"Lauradogs\",\"description\":\"\",\"publisher\":{\"@id\":\"https:\/\/lauradogs.com\/#organization\"},\"potentialAction\":[{\"@type\":\"SearchAction\",\"target\":{\"@type\":\"EntryPoint\",\"urlTemplate\":\"https:\/\/lauradogs.com\/?s={search_term_string}\"},\"query-input\":\"required name=search_term_string\"}],\"inLanguage\":\"fr-FR\"},{\"@type\":\"Organization\",\"@id\":\"https:\/\/lauradogs.com\/#organization\",\"name\":\"Lauradogs\",\"url\":\"https:\/\/lauradogs.com\/\",\"logo\":{\"@type\":\"ImageObject\",\"inLanguage\":\"fr-FR\",\"@id\":\"https:\/\/lauradogs.com\/#\/schema\/logo\/image\/\",\"url\":\"https:\/\/lauradogs.com\/wp-content\/uploads\/2022\/12\/logo.png\",\"contentUrl\":\"https:\/\/lauradogs.com\/wp-content\/uploads\/2022\/12\/logo.png\",\"width\":5000,\"height\":5000,\"caption\":\"Lauradogs\"},\"image\":{\"@id\":\"https:\/\/lauradogs.com\/#\/schema\/logo\/image\/\"},\"sameAs\":[\"https:\/\/www.instagram.com\/lauradogs95\/\"]}]}<\/script>\n<!-- \/ Yoast SEO plugin. -->","yoast_head_json":{"title":"About - Lauradogs","description":"D\u00e9couvrez Laura Dogs, salon de toilettage professionnel \u00e0 \u00c9zanville. Passion, exp\u00e9rience et douceur pour vos chiens et chats.","robots":{"index":"index","follow":"follow","max-snippet":"max-snippet:-1","max-image-preview":"max-image-preview:large","max-video-preview":"max-video-preview:-1"},"canonical":"https:\/\/lauradogs.com\/?page_id=1399","og_locale":"fr_FR","og_type":"article","og_title":"About - Lauradogs","og_description":"D\u00e9couvrez Laura Dogs, salon de toilettage professionnel \u00e0 \u00c9zanville. Passion, exp\u00e9rience et douceur pour vos chiens et chats.","og_url":"https:\/\/lauradogs.com\/?page_id=1399","og_site_name":"Lauradogs","article_modified_time":"2025-10-19T14:31:12+00:00","og_image":[{"url":"http:\/\/lauradogs.com\/wp-content\/uploads\/2022\/12\/pexels-martin-dufosset-3930940-768x1024.jpg"}],"twitter_card":"summary_large_image","twitter_misc":{"Dur\u00e9e de lecture estim\u00e9e":"3 minutes"},"schema":{"@context":"https:\/\/schema.org","@graph":[{"@type":"WebPage","@id":"https:\/\/lauradogs.com\/?page_id=1399","url":"https:\/\/lauradogs.com\/?page_id=1399","name":"About - Lauradogs","isPartOf":{"@id":"https:\/\/lauradogs.com\/#website"},"datePublished":"2022-09-01T15:48:47+00:00","dateModified":"2025-10-19T14:31:12+00:00","description":"D\u00e9couvrez Laura Dogs, salon de toilettage professionnel \u00e0 \u00c9zanville. Passion, exp\u00e9rience et douceur pour vos chiens et chats.","breadcrumb":{"@id":"https:\/\/lauradogs.com\/?page_id=1399#breadcrumb"},"inLanguage":"fr-FR","potentialAction":[{"@type":"ReadAction","target":["https:\/\/lauradogs.com\/?page_id=1399"]}]},{"@type":"BreadcrumbList","@id":"https:\/\/lauradogs.com\/?page_id=1399#breadcrumb","itemListElement":[{"@type":"ListItem","position":1,"name":"Accueil","item":"https:\/\/lauradogs.com\/"},{"@type":"ListItem","position":2,"name":"About"}]},{"@type":"WebSite","@id":"https:\/\/lauradogs.com\/#website","url":"https:\/\/lauradogs.com\/","name":"Lauradogs","description":"","publisher":{"@id":"https:\/\/lauradogs.com\/#organization"},"potentialAction":[{"@type":"SearchAction","target":{"@type":"EntryPoint","urlTemplate":"https:\/\/lauradogs.com\/?s={search_term_string}"},"query-input":"required name=search_term_string"}],"inLanguage":"fr-FR"},{"@type":"Organization","@id":"https:\/\/lauradogs.com\/#organization","name":"Lauradogs","url":"https:\/\/lauradogs.com\/","logo":{"@type":"ImageObject","inLanguage":"fr-FR","@id":"https:\/\/lauradogs.com\/#\/schema\/logo\/image\/","url":"https:\/\/lauradogs.com\/wp-content\/uploads\/2022\/12\/logo.png","contentUrl":"https:\/\/lauradogs.com\/wp-content\/uploads\/2022\/12\/logo.png","width":5000,"height":5000,"caption":"Lauradogs"},"image":{"@id":"https:\/\/lauradogs.com\/#\/schema\/logo\/image\/"},"sameAs":["https:\/\/www.instagram.com\/lauradogs95\/"]}]}},"uagb_featured_image_src":{"full":false,"thumbnail":false,"medium":false,"medium_large":false,"large":false,"1536x1536":false,"2048x2048":false},"uagb_author_info":{"display_name":"lauradog95@gmail.com","author_link":"https:\/\/lauradogs.com\/?author=1"},"uagb_comment_info":0,"uagb_excerpt":"A Propos \u00c0 propos de Laura Dogs Nous sommes un salon de toilette pour animaux de compagnie passionn\u00e9 par la sant\u00e9 et le bien-\u00eatre de vos animaux. Notre \u00e9quipe de professionnels qualifi\u00e9s travaille dur pour fournir \u00e0 chaque animal des soins de qualit\u00e9 sup\u00e9rieure et une exp\u00e9rience de toilettage agr\u00e9able. Nous sommes fiers d&rsquo;offrir une\u2026","_links":{"self":[{"href":"https:\/\/lauradogs.com\/index.php?rest_route=\/wp\/v2\/pages\/1399","targetHints":{"allow":["GET"]}}],"collection":[{"href":"https:\/\/lauradogs.com\/index.php?rest_route=\/wp\/v2\/pages"}],"about":[{"href":"https:\/\/lauradogs.com\/index.php?rest_route=\/wp\/v2\/types\/page"}],"author":[{"embeddable":true,"href":"https:\/\/lauradogs.com\/index.php?rest_route=\/wp\/v2\/users\/1"}],"replies":[{"embeddable":true,"href":"https:\/\/lauradogs.com\/index.php?rest_route=%2Fwp%2Fv2%2Fcomments&post=1399"}],"version-history":[{"count":40,"href":"https:\/\/lauradogs.com\/index.php?rest_route=\/wp\/v2\/pages\/1399\/revisions"}],"predecessor-version":[{"id":2609,"href":"https:\/\/lauradogs.com\/index.php?rest_route=\/wp\/v2\/pages\/1399\/revisions\/2609"}],"wp:attachment":[{"href":"https:\/\/lauradogs.com\/index.php?rest_route=%2Fwp%2Fv2%2Fmedia&parent=1399"}],"curies":[{"name":"wp","href":"https:\/\/api.w.org\/{rel}","templated":true}]}}